{"id":37,"date":"2017-11-02T13:17:41","date_gmt":"2017-11-02T12:17:41","guid":{"rendered":"http:\/\/agenux.org\/?page_id=37"},"modified":"2020-01-24T11:32:08","modified_gmt":"2020-01-24T10:32:08","slug":"lassociation","status":"publish","type":"page","link":"https:\/\/agenux.org\/?page_id=37","title":{"rendered":"L&#8217;association"},"content":{"rendered":"<div class=\"entry-content\">\n<p>Vous trouverez dans cette rubrique&nbsp; tout ce qui concerne la vie de notre association :<\/p>\n<p>\u2013 une <a href=\"https:\/\/agenux.org\/?page_id=74\">pr\u00e9sentation de notre association<\/a> avec le bulletin d\u2019adh\u00e9sion&nbsp; \ud83d\ude09<\/p>\n<p>\u2013 l<a href=\"https:\/\/agenux.org\/?page_id=77\">es statuts,<\/a><\/p>\n<p>\u2013 les <a href=\"https:\/\/agenux.org\/?cat=17\">compte-rendus de r\u00e9union<\/a> et d\u2019<a href=\"https:\/\/agenux.org\/?cat=16\">Assembl\u00e9e G\u00e9n\u00e9rale<\/a>.<\/p>\n<\/div>\n","protected":false},"excerpt":{"rendered":"<p>Vous trouverez dans cette rubrique&nbsp; tout ce qui concerne la vie de notre association : \u2013 une pr\u00e9sentation de notre association avec le bulletin d\u2019adh\u00e9sion&nbsp; \ud83d\ude09 \u2013 les statuts, \u2013 les compte-rendus de r\u00e9union et d\u2019Assembl\u00e9e G\u00e9n\u00e9rale.<\/p>\n","protected":false},"author":11,"featured_media":0,"parent":0,"menu_order":0,"comment_status":"closed","ping_status":"closed","template":"","meta":{"_s2mail":"yes","footnotes":""},"class_list":["post-37","page","type-page","status-publish","hentry"],"_links":{"self":[{"href":"https:\/\/agenux.org\/index.php?rest_route=\/wp\/v2\/pages\/37","targetHints":{"allow":["GET"]}}],"collection":[{"href":"https:\/\/agenux.org\/index.php?rest_route=\/wp\/v2\/pages"}],"about":[{"href":"https:\/\/agenux.org\/index.php?rest_route=\/wp\/v2\/types\/page"}],"author":[{"embeddable":true,"href":"https:\/\/agenux.org\/index.php?rest_route=\/wp\/v2\/users\/11"}],"replies":[{"embeddable":true,"href":"https:\/\/agenux.org\/index.php?rest_route=%2Fwp%2Fv2%2Fcomments&post=37"}],"version-history":[{"count":0,"href":"https:\/\/agenux.org\/index.php?rest_route=\/wp\/v2\/pages\/37\/revisions"}],"wp:attachment":[{"href":"https:\/\/agenux.org\/index.php?rest_route=%2Fwp%2Fv2%2Fmedia&parent=37"}],"curies":[{"name":"wp","href":"https:\/\/api.w.org\/{rel}","templated":true}]}}