{"id":39,"date":"2017-11-02T13:18:29","date_gmt":"2017-11-02T12:18:29","guid":{"rendered":"http:\/\/agenux.org\/?page_id=39"},"modified":"2020-01-18T23:14:00","modified_gmt":"2020-01-18T22:14:00","slug":"documentation","status":"publish","type":"page","link":"https:\/\/agenux.org\/?page_id=39","title":{"rendered":"Documentation"},"content":{"rendered":"<div class=\"entry-content\">\n<h1>Les derniers trucs et astuces<\/h1>\n<p>Vous trouverez ici, la liste des derniers articles \u00e9crits par les membres, vous pouvez aussi acc\u00e9der aux cat\u00e9gories sur le menu de navigation<\/p>\n<p><a title=\"Nos comptes rendus d'atelier\" href=\"file:\/\/\/home\/paul\/T%C3%A9l%C3%A9chargements\/Agenux\/agenux.org\/category\/atelier\/index.html\">Nos Comptes rendus d\u2019 atelier<\/a><\/p>\n<p><a title=\"Nos HowTo ou Comment faire Pour\" href=\"file:\/\/\/home\/paul\/T%C3%A9l%C3%A9chargements\/Agenux\/agenux.org\/category\/howto\/index.html\">Nos HowTo<\/a> ou \u00ab&nbsp;Comment faire&nbsp;\u00bb<\/p>\n<p><a href=\"https:\/\/agenux.org\/?cat=20\">Notre Propagande<\/a><\/p>\n<p>Des liens vers les forums et sites d\u2019entr\u2019aide des principales distributions:<a href=\"file:\/\/\/home\/paul\/T%C3%A9l%C3%A9chargements\/Agenux\/agenux.org\/ma-distribution-linux-a-moi\/index.html#\"> Ma distribution GNU\/linux \u00e0 moi<\/a><\/p>\n<\/div>\n","protected":false},"excerpt":{"rendered":"<p>Les derniers trucs et astuces Vous trouverez ici, la liste des derniers articles \u00e9crits par les membres, vous pouvez aussi acc\u00e9der aux cat\u00e9gories sur le menu de navigation Nos Comptes rendus d\u2019 atelier Nos HowTo ou \u00ab&nbsp;Comment faire&nbsp;\u00bb Notre Propagande Des liens vers les forums et sites d\u2019entr\u2019aide des principales distributions: Ma distribution GNU\/linux \u00e0 &hellip; <a href=\"https:\/\/agenux.org\/?page_id=39\" class=\"more-link\">Continuer la lecture<span class=\"screen-reader-text\"> de &laquo;&nbsp;Documentation&nbsp;&raquo;<\/span><\/a><\/p>\n","protected":false},"author":11,"featured_media":0,"parent":0,"menu_order":0,"comment_status":"closed","ping_status":"closed","template":"","meta":{"_s2mail":"yes","footnotes":""},"class_list":["post-39","page","type-page","status-publish","hentry"],"_links":{"self":[{"href":"https:\/\/agenux.org\/index.php?rest_route=\/wp\/v2\/pages\/39","targetHints":{"allow":["GET"]}}],"collection":[{"href":"https:\/\/agenux.org\/index.php?rest_route=\/wp\/v2\/pages"}],"about":[{"href":"https:\/\/agenux.org\/index.php?rest_route=\/wp\/v2\/types\/page"}],"author":[{"embeddable":true,"href":"https:\/\/agenux.org\/index.php?rest_route=\/wp\/v2\/users\/11"}],"replies":[{"embeddable":true,"href":"https:\/\/agenux.org\/index.php?rest_route=%2Fwp%2Fv2%2Fcomments&post=39"}],"version-history":[{"count":0,"href":"https:\/\/agenux.org\/index.php?rest_route=\/wp\/v2\/pages\/39\/revisions"}],"wp:attachment":[{"href":"https:\/\/agenux.org\/index.php?rest_route=%2Fwp%2Fv2%2Fmedia&parent=39"}],"curies":[{"name":"wp","href":"https:\/\/api.w.org\/{rel}","templated":true}]}}