{"id":42,"date":"2017-11-02T13:21:01","date_gmt":"2017-11-02T12:21:01","guid":{"rendered":"http:\/\/agenux.org\/?page_id=42"},"modified":"2025-05-22T07:51:48","modified_gmt":"2025-05-22T05:51:48","slug":"le-plan-du-site","status":"publish","type":"page","link":"https:\/\/agenux.org\/?page_id=42","title":{"rendered":"Le plan du site"},"content":{"rendered":"<div class=\"entry-content\">\n<div id=\"magicdomid508\" class=\"ace-line\"><span class=\"b i\"><b><i>Plan de notre site <\/i><\/b><\/span>:<\/div>\n<div id=\"magicdomid509\" class=\"ace-line\">Vous d\u00e9couvrirez sur le site : les sections\/rubriques\/pages suivantes :<\/div>\n<div id=\"magicdomid510\" class=\"ace-line\">\u2013 rubrique de <a href=\"https:\/\/agenux.org\/\">bienvenue !<\/a> : nous vous souhaitons bienvenue<\/div>\n<div id=\"magicdomid511\" class=\"ace-line\">\u2013 la rubrique\u00ab<a href=\"https:\/\/agenux.org\/?cat=2\"> Tous les articles <\/a>\u00bb : les articles p\u00eale-m\u00eale au jour le jour qui informent de fa\u00e7on chronologique de l\u2019activit\u00e9 de notre association ; et veuillez nous excuser des oublis\u2026<\/div>\n<div id=\"magicdomid512\" class=\"ace-line\">\u2013 la rubrique \u00ab <a href=\"https:\/\/agenux.org\/?cat=24\">agenda <\/a>\u00bb informe des \u00e9v\u00e9nements pass\u00e9 et \u00e0 venir.<\/div>\n<div id=\"magicdomid513\" class=\"ace-line\">\u2013 la rubrique \u00ab <a href=\"https:\/\/agenux.org\/?page_id=37\">association <\/a>\u00bb : elle est destin\u00e9e \u00e0 la vie de notre association en toute transparence : essentiellement les statuts et les compte-rendus de r\u00e9unions et d\u2019Assembl\u00e9es G\u00e9n\u00e9rales\u2026<\/div>\n<div id=\"magicdomid514\" class=\"ace-line\">\u2013 la rubrique \u00ab<a href=\"https:\/\/agenux.org\/?page_id=39\"> documentation <\/a>\u00bb : des compte-rendus d\u2019atelier, des articles \u00ab Comment faire pour \u00bb, du mat\u00e9riel graphique pour notre communication, et une page de liens d\u2019aide pour les principales distributions linux.<\/div>\n<div id=\"magicdomid515\" class=\"ace-line\">\u2013 la rubrique \u00ab <a href=\"https:\/\/agenux.org\/?cat=21\">dans les m\u00e9dias<\/a> \u00bb avec : \u00ab aGeNUx dans la presse \u00bb est une revue des articles nous concernant et \u00ab Le Libre dans la presse \u00bb contient des liens vers des sites et articles importants sur le libre.<\/div>\n<div id=\"magicdomid516\" class=\"ace-line\">\u2013 la rubrique \u00ab&nbsp;<a href=\"https:\/\/agenux.org\/?page_id=42\">le plan de notre site<\/a>&nbsp;\u00bb: cette page-ci.<\/div>\n<div id=\"magicdomid517\" class=\"ace-line\">\u2013 la rubrique \u00ab<a href=\"https:\/\/agenux.org\/?page_id=48\"> nous contacter <\/a>\u00bb recense tous les moyens de nous joindre<\/div>\n<div id=\"magicdomid518\" class=\"ace-line\">\u2013 la rubrique \u00ab<a href=\"https:\/\/agenux.org\/?page_id=45\">&nbsp;Soutenez aGeNUx!<\/a>&nbsp;\u00bb<\/div>\n<\/div>\n","protected":false},"excerpt":{"rendered":"<p>Plan de notre site : Vous d\u00e9couvrirez sur le site : les sections\/rubriques\/pages suivantes : \u2013 rubrique de bienvenue ! : nous vous souhaitons bienvenue \u2013 la rubrique\u00ab Tous les articles \u00bb : les articles p\u00eale-m\u00eale au jour le jour qui informent de fa\u00e7on chronologique de l\u2019activit\u00e9 de notre association ; et veuillez nous excuser &hellip; <a href=\"https:\/\/agenux.org\/?page_id=42\" class=\"more-link\">Continuer la lecture<span class=\"screen-reader-text\"> de &laquo;&nbsp;Le plan du site&nbsp;&raquo;<\/span><\/a><\/p>\n","protected":false},"author":11,"featured_media":0,"parent":0,"menu_order":0,"comment_status":"closed","ping_status":"closed","template":"","meta":{"_s2mail":"yes","footnotes":""},"class_list":["post-42","page","type-page","status-publish","hentry"],"_links":{"self":[{"href":"https:\/\/agenux.org\/index.php?rest_route=\/wp\/v2\/pages\/42","targetHints":{"allow":["GET"]}}],"collection":[{"href":"https:\/\/agenux.org\/index.php?rest_route=\/wp\/v2\/pages"}],"about":[{"href":"https:\/\/agenux.org\/index.php?rest_route=\/wp\/v2\/types\/page"}],"author":[{"embeddable":true,"href":"https:\/\/agenux.org\/index.php?rest_route=\/wp\/v2\/users\/11"}],"replies":[{"embeddable":true,"href":"https:\/\/agenux.org\/index.php?rest_route=%2Fwp%2Fv2%2Fcomments&post=42"}],"version-history":[{"count":0,"href":"https:\/\/agenux.org\/index.php?rest_route=\/wp\/v2\/pages\/42\/revisions"}],"wp:attachment":[{"href":"https:\/\/agenux.org\/index.php?rest_route=%2Fwp%2Fv2%2Fmedia&parent=42"}],"curies":[{"name":"wp","href":"https:\/\/api.w.org\/{rel}","templated":true}]}}