{"id":48,"date":"2017-11-02T13:29:36","date_gmt":"2017-11-02T12:29:36","guid":{"rendered":"http:\/\/agenux.org\/?page_id=48"},"modified":"2025-05-22T07:51:03","modified_gmt":"2025-05-22T05:51:03","slug":"nous-contacter","status":"publish","type":"page","link":"https:\/\/agenux.org\/?page_id=48","title":{"rendered":"Nous contacter"},"content":{"rendered":"<p><em><strong>Vous pouvez nous contacter:<\/strong><\/em><\/p>\n<p><strong>Sur IRC :<\/strong><\/p>\n<p>aGeNUx dispose d\u2019un canal IRC sur le serveur freenode mais reconnaissons que ce canal est tr\u00e8s peu ou pas utilis\u00e9&#8230;<br \/>canal #agenux sur irc.freenode.net<\/p>\n<p><strong>Sur Nos Listes :<\/strong><\/p>\n<ul>\n<li>Deux listes de diffusion:<\/li>\n<\/ul>\n<p>\u2013 La liste de diffusion pour les probl\u00e8mes techniques. ( <a href=\"mailto:agenux@listes.abul.org\"><strong>agenux@listes.abul.org<\/strong><\/a> \u2013 <a href=\"http:\/\/www.abul.org\/wws\/subrequest\/agenux\" target=\"_blank\" rel=\"noopener\">Inscription<\/a>) .\u00a0 Cette liste est archiv\u00e9e et librement accessible \u00e0 tout le monde\u2026.Posez vos questions. Informez. D\u00e9pannez, si vous le savez \u2026<\/p>\n<p>\u2013 Une liste r\u00e9serv\u00e9e aux adh\u00e9rents, <strong><a href=\"mailto:adherents@listes.agenux.org\">adherents@listes.agenux.org<\/a><\/strong><\/p>\n<p>Cette liste n\u2019est pas publique et sert de communication interne \u00e0 l\u2019association.<em><strong><br \/><\/strong><\/em><\/p>\n<p><strong>Lors des permanences d\u2019aGeNUx :<\/strong><\/p>\n<p>elles ont lieu tous les mercredis de 17h30 \u00e0 19h30, sauf l\u2019\u00e9t\u00e9 et jours f\u00e9ri\u00e9s, dans une salle\u00a0 du Campus num\u00e9rique, 156 avenue Jean Jaur\u00e8s &#8211; 47000 AGEN;\u00a0 <\/p>\n<p><a href=\"https:\/\/agenux.org\/?p=102\">https:\/\/agenux.org\/?p=102<\/a><\/p>\n<p><strong>\u00a0<\/strong><\/p>\n<p><strong>\u00c0 notre adresse postale :<\/strong><\/p>\n<p>aGeNUx<\/p>\n<p>Campus num\u00e9rique<\/p>\n<p>156 avenue Jean Jaur\u00e8s &#8211; 47000 AGEN<\/p>\n<p align=\"justify\"><strong>Ici avec notre formulaire de contact:<\/strong><\/p>\n\n<div class=\"wpforms-container wpforms-container-full wpforms-block\" id=\"wpforms-1235\"><form id=\"wpforms-form-1235\" class=\"wpforms-validate wpforms-form wpforms-ajax-form\" data-formid=\"1235\" method=\"post\" enctype=\"multipart\/form-data\" action=\"\/index.php?rest_route=%2Fwp%2Fv2%2Fpages%2F48\" data-token=\"f29efa65a5c99447f33d9c5a8a3a7699\" data-token-time=\"1776966857\"><noscript class=\"wpforms-error-noscript\">Veuillez activer JavaScript dans votre navigateur pour remplir ce formulaire.<\/noscript><div class=\"wpforms-field-container\"><div id=\"wpforms-1235-field_7-container\" class=\"wpforms-field wpforms-field-name\" data-field-id=\"7\"><label class=\"wpforms-field-label\">Nom <span class=\"wpforms-required-label\">*<\/span><\/label><div class=\"wpforms-field-row wpforms-field-medium\"><div class=\"wpforms-field-row-block wpforms-first wpforms-one-half\"><input type=\"text\" id=\"wpforms-1235-field_7\" class=\"wpforms-field-name-first wpforms-field-required\" name=\"wpforms[fields][7][first]\" required><label for=\"wpforms-1235-field_7\" class=\"wpforms-field-sublabel after\">Pr\u00e9nom<\/label><\/div><div class=\"wpforms-field-row-block wpforms-one-half\"><input type=\"text\" id=\"wpforms-1235-field_7-last\" class=\"wpforms-field-name-last wpforms-field-required\" name=\"wpforms[fields][7][last]\" required><label for=\"wpforms-1235-field_7-last\" class=\"wpforms-field-sublabel after\">Nom<\/label><\/div><\/div><\/div><div id=\"wpforms-1235-field_6-container\" class=\"wpforms-field wpforms-field-email\" data-field-id=\"6\"><label class=\"wpforms-field-label\" for=\"wpforms-1235-field_6\">E-mail <span class=\"wpforms-required-label\">*<\/span><\/label><input type=\"email\" id=\"wpforms-1235-field_6\" class=\"wpforms-field-small wpforms-field-required\" name=\"wpforms[fields][6]\" spellcheck=\"false\" required><\/div><div id=\"wpforms-1235-field_2-container\" class=\"wpforms-field wpforms-field-radio\" data-field-id=\"2\"><label class=\"wpforms-field-label\">Choix multiple<\/label><ul id=\"wpforms-1235-field_2\"><li class=\"choice-1 depth-1\"><input type=\"radio\" id=\"wpforms-1235-field_2_1\" name=\"wpforms[fields][2]\" value=\"Je souhaite adh\u00e9rer\"  ><label class=\"wpforms-field-label-inline\" for=\"wpforms-1235-field_2_1\">Je souhaite adh\u00e9rer<\/label><\/li><li class=\"choice-2 depth-1\"><input type=\"radio\" id=\"wpforms-1235-field_2_2\" name=\"wpforms[fields][2]\" value=\"J&#039;ai une question, une suggestion\"  ><label class=\"wpforms-field-label-inline\" for=\"wpforms-1235-field_2_2\">J&#8217;ai une question, une suggestion<\/label><\/li><\/ul><\/div><div id=\"wpforms-1235-field_8-container\" class=\"wpforms-field wpforms-field-textarea\" data-field-id=\"8\"><label class=\"wpforms-field-label\" for=\"wpforms-1235-field_8\">une question, une demande, une suggestion?<\/label><textarea id=\"wpforms-1235-field_8\" class=\"wpforms-field-medium\" name=\"wpforms[fields][8]\" ><\/textarea><\/div><div id=\"wpforms-1235-field_11-container\" class=\"wpforms-field wpforms-field-checkbox\" data-field-id=\"11\"><label class=\"wpforms-field-label\">Protection des donn\u00e9es personnelles <\/label><ul id=\"wpforms-1235-field_11\"><li class=\"choice-1 depth-1\"><input type=\"checkbox\" id=\"wpforms-1235-field_11_1\" name=\"wpforms[fields][11][]\" value=\"J&#039;accepte que mes donn\u00e9es soient m\u00e9moris\u00e9es.\"  ><label class=\"wpforms-field-label-inline\" for=\"wpforms-1235-field_11_1\">J&#8217;accepte que mes donn\u00e9es soient m\u00e9moris\u00e9es.<\/label><\/li><\/ul><div class=\"wpforms-field-description\">Les donn\u00e9es sont conserv\u00e9es uniquement pour r\u00e9pondre \u00e0 votre demande et le temps n\u00e9cessaire \u00e0 son bon traitement. Elles ne donneront lieu \u00e0 aucun autre traitement et ne seront pas c\u00e9d\u00e9es \u00e0 un tiers. <\/div><\/div><\/div><!-- .wpforms-field-container --><div class=\"wpforms-submit-container\" ><input type=\"hidden\" name=\"wpforms[id]\" value=\"1235\"><input type=\"hidden\" name=\"page_title\" value=\"\"><input type=\"hidden\" name=\"page_url\" value=\"https:\/\/agenux.org\/index.php?rest_route=\/wp\/v2\/pages\/48\"><input type=\"hidden\" name=\"url_referer\" value=\"\"><button type=\"submit\" name=\"wpforms[submit]\" id=\"wpforms-submit-1235\" class=\"wpforms-submit\" data-alt-text=\"Envoi...\" data-submit-text=\"Envoyer\" aria-live=\"assertive\" value=\"wpforms-submit\">Envoyer<\/button><img loading=\"lazy\" decoding=\"async\" src=\"https:\/\/agenux.org\/wp-content\/plugins\/wpforms-lite\/assets\/images\/submit-spin.svg\" class=\"wpforms-submit-spinner\" style=\"display: none;\" width=\"26\" height=\"26\" alt=\"Chargement en cours\"><br\/><br\/>\t\t<div id=\"cf-turnstile-wpf-2339104027\"\r\n\t\tclass=\"cf-turnstile\" \t\tdata-sitekey=\"0x4AAAAAAADl6dSOYSRgEvjC\"\r\n\t\tdata-theme=\"dark\"\r\n\t\tdata-language=\"fr\"\r\n\t\tdata-size=\"\"\r\n\t\tdata-retry=\"auto\" data-retry-interval=\"1000\"\r\n\t\tdata-refresh-expired=\"auto\"\r\n\t\tdata-refresh-timeout=\"auto\"\r\n\t\tdata-action=\"wpforms-1235\"\r\n\t\tdata-callback=\"turnstileWPFCallback\"\r\n\t\t\t\tdata-appearance=\"always\"><\/div>\r\n\t\t\t<script>document.addEventListener(\"DOMContentLoaded\", function() { setTimeout(function(){ var e=document.getElementById(\"cf-turnstile-wpf-2339104027\"); if(e&&!e.innerHTML.trim()){turnstile.render(e, {sitekey:\"0x4AAAAAAADl6dSOYSRgEvjC\"});} }, 200); });<\/script>\r\n\t\t\t<br class=\"cf-turnstile-br cf-turnstile-br-wpf-2339104027\">\r\n\t\t\t\t<style>#cf-turnstile-wpf-2339104027 { margin-left: -15px; }<\/style>\r\n\t\t<\/div><\/form><\/div>  <!-- .wpforms-container -->\n\n\n<p><\/p>\n","protected":false},"excerpt":{"rendered":"<p>Vous pouvez nous contacter: Sur IRC : aGeNUx dispose d\u2019un canal IRC sur le serveur freenode mais reconnaissons que ce canal est tr\u00e8s peu ou pas utilis\u00e9&#8230;canal #agenux sur irc.freenode.net Sur Nos Listes : Deux listes de diffusion: \u2013 La liste de diffusion pour les probl\u00e8mes techniques. ( agenux@listes.abul.org \u2013 Inscription) .\u00a0 Cette liste est &hellip; <a href=\"https:\/\/agenux.org\/?page_id=48\" class=\"more-link\">Continuer la lecture<span class=\"screen-reader-text\"> de &laquo;&nbsp;Nous contacter&nbsp;&raquo;<\/span><\/a><\/p>\n","protected":false},"author":11,"featured_media":0,"parent":0,"menu_order":0,"comment_status":"closed","ping_status":"closed","template":"","meta":{"_s2mail":"yes","footnotes":""},"class_list":["post-48","page","type-page","status-publish","hentry"],"_links":{"self":[{"href":"https:\/\/agenux.org\/index.php?rest_route=\/wp\/v2\/pages\/48","targetHints":{"allow":["GET"]}}],"collection":[{"href":"https:\/\/agenux.org\/index.php?rest_route=\/wp\/v2\/pages"}],"about":[{"href":"https:\/\/agenux.org\/index.php?rest_route=\/wp\/v2\/types\/page"}],"author":[{"embeddable":true,"href":"https:\/\/agenux.org\/index.php?rest_route=\/wp\/v2\/users\/11"}],"replies":[{"embeddable":true,"href":"https:\/\/agenux.org\/index.php?rest_route=%2Fwp%2Fv2%2Fcomments&post=48"}],"version-history":[{"count":0,"href":"https:\/\/agenux.org\/index.php?rest_route=\/wp\/v2\/pages\/48\/revisions"}],"wp:attachment":[{"href":"https:\/\/agenux.org\/index.php?rest_route=%2Fwp%2Fv2%2Fmedia&parent=48"}],"curies":[{"name":"wp","href":"https:\/\/api.w.org\/{rel}","templated":true}]}}