{"id":74,"date":"2017-11-02T15:09:36","date_gmt":"2017-11-02T14:09:36","guid":{"rendered":"http:\/\/agenux.org\/?page_id=74"},"modified":"2026-01-07T11:02:17","modified_gmt":"2026-01-07T10:02:17","slug":"presentation-de-notre-association","status":"publish","type":"page","link":"https:\/\/agenux.org\/?page_id=74","title":{"rendered":"Pr\u00e9sentation de notre association"},"content":{"rendered":"<h1 class=\"entry-title\"><\/h1>\n<div class=\"entry-content\">\n<div id=\"parent-fieldname-text\" dir=\"ltr\">\n<p id=\"magicdomid474\" class=\"ace-line\"><span class=\"i sizes:12\">L\u2019association aGeNUx rassemble des personnes b\u00e9n\u00e9voles\u00a0 de tous horizons, pour faire conna<\/span><span class=\"i\">\u00ee<\/span><span class=\"i sizes:12\">tre Linux, le logiciel libre, la culture libre et le\u00a0 monde du libre en g\u00e9n\u00e9ral.<\/span><\/p>\n<p>Petit \u00e0 petit notre association se fait de plus en plus conna\u00eetre dans le d\u00e9partement et les sollicitations sont nombreuses, ainsi que le public qui vient toujours aussi nombreux assister aux fameuses \u00ab installe-parties \u00bb organis\u00e9es dans le d\u00e9partement.<\/p>\n<p><span class=\"i sizes:12\">Notre association se r\u00e9unit environ une fois par mois (sauf en \u00e9t\u00e9) en g\u00e9n\u00e9ral dans la salle Ren\u00e9 Barjavel du Campus Num\u00e9rique 47 (voir plus bas), tous les adh\u00e9rents sont convoqu\u00e9s et les non-adh\u00e9rents sont invit\u00e9s \u00e0 discuter avec\u00a0 nous.<\/span><\/p>\n<p>Vous trouverez ici les Statuts de l\u2019Association, ainsi que les comptes-rendus des diff\u00e9rentes r\u00e9unions et assembl\u00e9es g\u00e9n\u00e9rales :<\/p>\n<ul>\n<li>\n<h6><a href=\"https:\/\/agenux.org\/?page_id=77\">Statuts de l\u2019association<\/a><\/h6>\n<\/li>\n<li>\n<h6><a href=\"https:\/\/agenux.org\/?cat=17\">Comptes-rendus de R\u00e9union<\/a>\/<a href=\"https:\/\/agenux.org\/?cat=16\">assembl\u00e9es g\u00e9n\u00e9rales<\/a><\/h6>\n<\/li>\n<\/ul>\n<h4 class=\"western\">La mascotte<\/h4>\n<p><img loading=\"lazy\" decoding=\"async\" class=\"size-medium wp-image-1209 aligncenter\" src=\"https:\/\/agenux.org\/wp-content\/uploads\/2017\/11\/LogoBleu300ppp-300x114.png\" alt=\"\" width=\"300\" height=\"114\" srcset=\"https:\/\/agenux.org\/wp-content\/uploads\/2017\/11\/LogoBleu300ppp-300x114.png 300w, https:\/\/agenux.org\/wp-content\/uploads\/2017\/11\/LogoBleu300ppp-1024x389.png 1024w, https:\/\/agenux.org\/wp-content\/uploads\/2017\/11\/LogoBleu300ppp-768x292.png 768w, https:\/\/agenux.org\/wp-content\/uploads\/2017\/11\/LogoBleu300ppp-1536x583.png 1536w, https:\/\/agenux.org\/wp-content\/uploads\/2017\/11\/LogoBleu300ppp-2048x778.png 2048w\" sizes=\"auto, (max-width: 300px) 85vw, 300px\" \/><br \/>\nNotre repr\u00e9sentant est bien entendu inspir\u00e9 de Tux, la mascotte de Linux, mais le n\u00f4tre, fabriqu\u00e9 en son temps par Lapinou, a rev\u00eatu son maillot du SUA et est pr\u00eat \u00e0 transformer votre essai \u00e0 Linux.<\/p>\n<h2 class=\"western\">Nous joindre<\/h2>\n<p>Pour nous joindre vous pouvez \u00e9crire sur nos listes de diffusion :<\/p>\n<ul>\n<li>Deux listes de diffusion:<\/li>\n<\/ul>\n<p>\u2013 La liste de diffusion pour les probl\u00e8mes techniques. ( <strong><a href=\"mailto:agenux@abul.org\">agenux@abul.org<\/a><\/strong> \u2013 <a href=\"http:\/\/www.abul.org\/wws\/subrequest\/agenux\" target=\"_blank\" rel=\"noopener\">Inscription<\/a>).\u00a0 Cette liste est archiv\u00e9e et librement accessible \u00e0 tout le monde\u2026 Posez vos questions. Informez. D\u00e9pannez, si vous le savez\u2026<\/p>\n<h3 class=\"western\"><em>Avant de vous inscrire lisez La<\/em> CHARTE du bon usage de la liste agenux<em> : <a href=\"https:\/\/agenux.org\/wp-content\/uploads\/2021\/12\/laCharte_2015.pdf\" target=\"_blank\" rel=\"noopener\">la_charte_de la liste<\/a><\/em><\/h3>\n<h3 class=\"western\">\u2013 Une liste r\u00e9serv\u00e9e aux adh\u00e9rents,<strong> <a href=\"mailto:adherents@listes.agenux.org\">adherents@listes.agenux.org<\/a><\/strong><\/h3>\n<p>Cette liste n\u2019est pas publique et sert de communication interne \u00e0 l\u2019association.<\/p>\n<p>Vous pouvez utiliser aussi <a href=\"https:\/\/agenux.org\/?page_id=48\">cette adresse <\/a>: qui vous permettra de laisser un message a nos membres\u2026 qui vous r\u00e9pondront vite !<\/p>\n<p>Il va sans dire que l\u2019abonnement aux listes est gratuit et libre \ud83d\ude09<\/p>\n<ul>\n<li><strong>Sur IRC : <\/strong>aGeNUx dispose d\u2019un canal IRC sur le serveur freenode<br \/>\ncanal #agenux sur irc.freenode.net que personne ou presque n&#8217;utilise, reconnaissons-le&#8230;<\/li>\n<li><strong>Sur Mastodon<\/strong> : <a href=\"https:\/\/social.boc47.org\/@agenux\">https:\/\/social.boc47.org\/@agenux<\/a><\/li>\n<li><strong>Les permanences d\u2019aGeNUx : <\/strong>elles ont lieu tous les mercredis de 17h30 \u00e0 19h30, sauf l\u2019\u00e9t\u00e9, dans la salle Ren\u00e9 Barjavel du Campus num\u00e9rique 47 (entr\u00e9e du parking, 4 rue de l&#8217;\u00e9cole normale<strong>)\n<p><\/strong><\/li>\n<li><strong>Adresse Postale :<\/strong>aGeNUx &#8211; Campus num\u00e9rique 47, 156 avenue Jean Jaur\u00e8s &#8211; 47000 AGEN<\/li>\n<\/ul>\n<h2 class=\"western\">Participer \u00e0 l\u2019association<\/h2>\n<h2><span class=\"sizes:12\">Soutenez notre association en y adh\u00e9rant: <\/span><\/h2>\n<p>N\u2019importe qui peut adh\u00e9rer \u00e0 l\u2019association, et bien que l\u2019association aide qui le souhaite \u00e0 d\u00e9couvrir Linux ou le monde des logiciels libres, l\u2019adh\u00e9sion permet d\u2019aider l\u2019association \u00e0 exister (bien que la motivation des membres soit telle que les ressources sont surtout humaines).<\/p>\n<p>La carte d\u2019adh\u00e9rent :<\/p>\n<ul>\n<li>Adh\u00e9sion individuellle : 20 \u20ac<\/li>\n<li>Adh\u00e9sion \u00e9tudiant\/ch\u00f4meur : 5\u20ac<\/li>\n<li>Adh\u00e9sion personne morale (association): 30 \u20ac<\/li>\n<li>Adh\u00e9sion personne morale (publique et priv\u00e9e): 50\u20ac<\/li>\n<\/ul>\n<h2 class=\"western\">Le bulletin d\u2019adh\u00e9sion 2026:<\/h2>\n<\/div>\n<p><a href=\"https:\/\/agenux.org\/?attachment_id=1777\" target=\"_blank\" rel=\"noopener\">Bulletin d&#8217;adh\u00e9sion 2026<\/a><\/p>\n<\/div>\n","protected":false},"excerpt":{"rendered":"<p>L\u2019association aGeNUx rassemble des personnes b\u00e9n\u00e9voles\u00a0 de tous horizons, pour faire conna\u00eetre Linux, le logiciel libre, la culture libre et le\u00a0 monde du libre en g\u00e9n\u00e9ral. Petit \u00e0 petit notre association se fait de plus en plus conna\u00eetre dans le d\u00e9partement et les sollicitations sont nombreuses, ainsi que le public qui vient toujours aussi nombreux &hellip; <a href=\"https:\/\/agenux.org\/?page_id=74\" class=\"more-link\">Continuer la lecture<span class=\"screen-reader-text\"> de &laquo;&nbsp;Pr\u00e9sentation de notre association&nbsp;&raquo;<\/span><\/a><\/p>\n","protected":false},"author":11,"featured_media":0,"parent":37,"menu_order":0,"comment_status":"closed","ping_status":"closed","template":"","meta":{"_s2mail":"yes","footnotes":""},"class_list":["post-74","page","type-page","status-publish","hentry"],"_links":{"self":[{"href":"https:\/\/agenux.org\/index.php?rest_route=\/wp\/v2\/pages\/74","targetHints":{"allow":["GET"]}}],"collection":[{"href":"https:\/\/agenux.org\/index.php?rest_route=\/wp\/v2\/pages"}],"about":[{"href":"https:\/\/agenux.org\/index.php?rest_route=\/wp\/v2\/types\/page"}],"author":[{"embeddable":true,"href":"https:\/\/agenux.org\/index.php?rest_route=\/wp\/v2\/users\/11"}],"replies":[{"embeddable":true,"href":"https:\/\/agenux.org\/index.php?rest_route=%2Fwp%2Fv2%2Fcomments&post=74"}],"version-history":[{"count":0,"href":"https:\/\/agenux.org\/index.php?rest_route=\/wp\/v2\/pages\/74\/revisions"}],"up":[{"embeddable":true,"href":"https:\/\/agenux.org\/index.php?rest_route=\/wp\/v2\/pages\/37"}],"wp:attachment":[{"href":"https:\/\/agenux.org\/index.php?rest_route=%2Fwp%2Fv2%2Fmedia&parent=74"}],"curies":[{"name":"wp","href":"https:\/\/api.w.org\/{rel}","templated":true}]}}