{"id":77,"date":"2017-11-02T15:15:17","date_gmt":"2017-11-02T14:15:17","guid":{"rendered":"http:\/\/agenux.org\/?page_id=77"},"modified":"2026-01-07T10:31:10","modified_gmt":"2026-01-07T09:31:10","slug":"les-statuts-dagenux","status":"publish","type":"page","link":"https:\/\/agenux.org\/?page_id=77","title":{"rendered":"Les statuts d&#8217;aGeNUx"},"content":{"rendered":"<div class=\"entry-content\">\n<div id=\"content\">\n<h1>Statuts aGeNUx<\/h1>\n<h2>Les statuts de l\u2019association<\/h2>\n<div id=\"parent-fieldname-text\">\n<h3><strong>Article premier.<\/strong><\/h3>\n<p align=\"justify\">Il est fond\u00e9 entre les adh\u00e9rents aux pr\u00e9sents statuts une association r\u00e9gie par la loi du 1er juillet 1901 et le d\u00e9cret du 16 ao\u00fbt 1901, ayant pour nom :<\/p>\n<h1 align=\"center\"><strong>aGeNUx<\/strong><\/h1>\n<p align=\"center\">(Association agenaise des utilisateurs des logiciels libres) \u2026)<\/p>\n<h3><strong>Article 2 <\/strong><strong>\u2013 Si\u00e8ge social.<\/strong><\/h3>\n<p align=\"justify\">Le si\u00e8ge social est fix\u00e9 \u00e0 Agen, son adresse sera fix\u00e9e par le Bureau :<\/p>\n<p align=\"justify\">Campus Num\u00e9rique 47<\/p>\n<p align=\"justify\">156 avenue Jean Jaur\u00e8s,<\/p>\n<p align=\"justify\">47000 Agen.<\/p>\n<p align=\"justify\">Le si\u00e8ge pourra \u00eatre transf\u00e9r\u00e9 sur d\u00e9cision du Bureau .<\/p>\n<h3><strong>Article 3<\/strong><strong> \u2013 Buts et Dur\u00e9e.<\/strong><\/h3>\n<p align=\"justify\">Cette association a pour but :<\/p>\n<p align=\"left\">a) de rassembler les utilisateurs de logiciels et de cultures Libres \u00e0 Agen et en Lot-et-Garonne<\/p>\n<p align=\"left\">b) de promouvoir les differentes cultures libres l\u2019utilisation de l\u2019informatique libre, et de conseiller les utilisateurs<\/p>\n<p align=\"left\">c) d\u2019\u00e9laborer des projets \u00e0 objectif p\u00e9dagogique, notamment ceux permettant de s\u2019initier ou de se perfectionner dans ces domaines de l\u2019informatique et des cultures libres.<\/p>\n<p align=\"justify\">La dur\u00e9e de l\u2019Association est illimit\u00e9e.<\/p>\n<h3><strong>Article 4<\/strong><strong> \u2013 Ressources.<\/strong><\/h3>\n<p align=\"justify\">Les ressources de l\u2019association comprennent :<\/p>\n<p align=\"justify\">a) le montant des droits d\u2019entr\u00e9e et des cotisations ;<\/p>\n<p align=\"justify\">b) les subventions qui lui sont accord\u00e9es par les Administrations et diverses instances ;<\/p>\n<p align=\"justify\">c) toutes autres ressources autoris\u00e9es par les textes l\u00e9gislatifs et r\u00e9glementaires<\/p>\n<h3><strong>Article 5<\/strong><strong> \u2013 Composition.<\/strong><\/h3>\n<p align=\"justify\">L\u2019association se compose de :<\/p>\n<p align=\"justify\">a) <strong>membres fondateurs<\/strong> ; <em>Toute personne ayant d\u2019une fa\u00e7on ou d\u2019une autre contribu\u00e9 \u00e0 une modification profonde de l\u2019association pourra \u00eatre nomm\u00e9e membre fondateur de l\u2019association sur d\u00e9cision prise \u00e0 l\u2019unanimit\u00e9 par les membres fondateurs vivants. <\/em><\/p>\n<p align=\"justify\">b) <strong>membres d\u2019honneur<\/strong> ; <em>ceux qui ont rendu des services signal\u00e9s \u00e0 l\u2019association ; ils sont dispens\u00e9s de cotisation ;<\/em><\/p>\n<p align=\"justify\">c) <strong>membres bienfaiteurs<\/strong> ; <em>les personnes qui versent un droit d\u2019entr\u00e9e et une cotisation annuelle fix\u00e9s par l\u2019Assembl\u00e9e G\u00e9n\u00e9rale sur proposition du Bureau<\/em>.<\/p>\n<p align=\"justify\">d) <strong>membres actifs ou adh\u00e9rents<\/strong> : <em>ceux qui ont acquitt\u00e9 une somme annuelle fix\u00e9e par l\u2019Assembl\u00e9e G\u00e9n\u00e9rale sur proposition du Bureau<\/em><\/p>\n<p align=\"justify\">Les membres sont des personnes physiques ou morales.<\/p>\n<p align=\"justify\">En tant que personne morale, Agenux pourra adh\u00e9rer \u00e0 d\u2019autres associations apr\u00e8s vote du Bureau \u00e9largi.<\/p>\n<p align=\"justify\">Il ne peut \u00eatre demand\u00e9 un suppl\u00e9ment financier \u00e0 un adh\u00e9rent sous pr\u00e9texte que le Bureau a d\u00e9cid\u00e9 d\u2019augmenter cette somme.<\/p>\n<h3><strong>Article 6<\/strong><strong> \u2013 Admission.<\/strong><\/h3>\n<p align=\"justify\">Les adh\u00e9sions sont formul\u00e9es par \u00e9crit, sign\u00e9es par le demandeur.<\/p>\n<h3><strong>Article 7<\/strong><strong> \u2013 Radiation.<\/strong><\/h3>\n<p align=\"justify\">La qualit\u00e9 de membre se perd par :<\/p>\n<p align=\"justify\">a) la d\u00e9mission ;<\/p>\n<p align=\"justify\">b) Pour non paiement de la cotisation , l\u2019int\u00e9ress\u00e9 ayant \u00e9t\u00e9 invit\u00e9 au pr\u00e9alable par courrier \u00e0 r\u00e9gulariser sa situation;<\/p>\n<p align=\"justify\">c) le d\u00e9c\u00e8s du repr\u00e9sentant ou l\u2019arr\u00eat de l\u2019activit\u00e9 de la personne morale.<\/p>\n<h3><strong>Article 8<\/strong><strong> \u2013 Le Bureau.<\/strong><\/h3>\n<p align=\"justify\">L\u2019association est dirig\u00e9e par un Bureau compos\u00e9 d\u2019au plus quinze membres \u00e0 jour de leur cotisation, \u00e9lus par l\u2019Assembl\u00e9e G\u00e9n\u00e9rale pour un an.<\/p>\n<p align=\"justify\">Le Bureau proc\u00e8de \u00e0 l\u2019\u00e9lection d\u2019un pr\u00e9sident, un secr\u00e9taire, un tr\u00e9sorier.<\/p>\n<p align=\"justify\">Le bureau est renouvel\u00e9 dans sa totalit\u00e9 tous les ans. Les membres sortants sont r\u00e9\u00e9ligibles.<\/p>\n<p align=\"justify\">En cas de vacance de membres du bureau, il est proc\u00e9d\u00e9 \u00e0 leur remplacement \u00e0 la prochaine r\u00e9union . Les pouvoirs des membres ainsi d\u00e9sign\u00e9s prennent fin \u00e0 l\u2019\u00e9poque o\u00f9 devait normalement expirer le mandat des membres qu\u2019ils remplacent.<\/p>\n<h3><strong>Article 9<\/strong><strong> \u2013 R\u00e9union du Bureau.<\/strong><\/h3>\n<p align=\"justify\">Le Bureau se r\u00e9unit une fois au moins tous les trois mois, sur convocation du pr\u00e9sident, ou sur la demande du quart de ses membres.<\/p>\n<p align=\"justify\">Les d\u00e9cisions sont prises \u00e0 la majorit\u00e9 des voix repr\u00e9sent\u00e9es ; en cas de partage, la voix du pr\u00e9sident est pr\u00e9pond\u00e9rante.<\/p>\n<p align=\"justify\">Tout membre du Bureau qui, sans excuse, n\u2019aura pas assist\u00e9 \u00e0 trois r\u00e9unions cons\u00e9cutives, pourra \u00eatre consid\u00e9r\u00e9 comme d\u00e9missionnaire.<\/p>\n<h3><strong>Article 10<\/strong><strong> \u2013 Assembl\u00e9e g\u00e9n\u00e9rale ordinaire.<\/strong><\/h3>\n<p align=\"justify\">L\u2019Assembl\u00e9e G\u00e9n\u00e9rale ordinaire comprend tous les membres de l\u2019association \u00e0 quelque titre qu\u2019ils y soient affili\u00e9s.<\/p>\n<p align=\"justify\">L\u2019Assembl\u00e9e G\u00e9n\u00e9rale ordinaire se r\u00e9unit chaque ann\u00e9e<\/p>\n<p align=\"justify\">Une semaine au moins avant la date fix\u00e9e, les membres de l\u2019association sont convoqu\u00e9s par les soins d\u2019un membre du bureau. L\u2019ordre du jour est indiqu\u00e9 sur les convocations.<\/p>\n<p align=\"justify\">Le pr\u00e9sident, assist\u00e9 des membres des autres membres du Bureau, pr\u00e9side l\u2019Assembl\u00e9e et expose la situation morale et financi\u00e8re de l\u2019association.<\/p>\n<p align=\"justify\">L\u2019Assembl\u00e9e G\u00e9n\u00e9rale surveille la gestion des membres du Bureau et a le droit de se faire rendre des comptes.<\/p>\n<p align=\"justify\">Il est proc\u00e9d\u00e9, apr\u00e8s \u00e9puisement de l\u2019ordre du jour, au remplacement des membres du Bureau sortants.<\/p>\n<p align=\"justify\">Les d\u00e9cisions de l\u2019Assembl\u00e9e G\u00e9n\u00e9rale sont prises \u00e0 la majorit\u00e9 des voix, en cas de partage un nouveau tour de scrutin sera n\u00e9cessaire.<\/p>\n<h3><strong>Article 11<\/strong><strong> \u2013 Assembl\u00e9e G\u00e9n\u00e9rale extraordinaire.<\/strong><\/h3>\n<p>Si besoin est, ou sur demande \u00e9crite de la moiti\u00e9 plus un des membres inscrits, le pr\u00e9sident doit convoquer une Assembl\u00e9e G\u00e9n\u00e9rale extraordinaire, suivant les formalit\u00e9s pr\u00e9vues \u00e0 l\u2019article 10.<\/p>\n<h3><strong>Article 12<\/strong><strong> \u2013 R\u00e8glement int\u00e9rieur.<\/strong><\/h3>\n<p align=\"justify\">Un r\u00e8glement int\u00e9rieur peut \u00eatre \u00e9tabli par le Bureau.<\/p>\n<p align=\"justify\">Ce r\u00e8glement \u00e9ventuel est destin\u00e9 \u00e0 fixer les divers points non pr\u00e9vus par les pr\u00e9sents statuts, notamment ceux qui ont trait \u00e0 l\u2019administration interne de l\u2019association.<\/p>\n<h3><strong>Article 13<\/strong><strong> \u2013 Dissolution.<\/strong><\/h3>\n<p align=\"justify\">En cas de dissolution prononc\u00e9e par les deux tiers au moins des membres pr\u00e9sents \u00e0 l\u2019Assembl\u00e9e G\u00e9n\u00e9rale, un ou plusieurs liquidateurs sont nomm\u00e9s par celle-ci et l\u2019actif, s\u2019il y a lieu, est d\u00e9volu conform\u00e9ment \u00e0 l\u2019article 9 de la loi du 1er juillet 1901 et au d\u00e9cret du 16 ao\u00fbt 1901.<\/p>\n<p align=\"right\">Fait \u00e0 Agen<\/p>\n<p align=\"right\">Le 8 octobre 2004<\/p>\n<p align=\"center\">Le pr\u00e9sident<\/p>\n<\/div>\n<\/div>\n<\/div>\n","protected":false},"excerpt":{"rendered":"<p>Statuts aGeNUx Les statuts de l\u2019association Article premier. Il est fond\u00e9 entre les adh\u00e9rents aux pr\u00e9sents statuts une association r\u00e9gie par la loi du 1er juillet 1901 et le d\u00e9cret du 16 ao\u00fbt 1901, ayant pour nom : aGeNUx (Association agenaise des utilisateurs des logiciels libres) \u2026) Article 2 \u2013 Si\u00e8ge social. Le si\u00e8ge social &hellip; <a href=\"https:\/\/agenux.org\/?page_id=77\" class=\"more-link\">Continuer la lecture<span class=\"screen-reader-text\"> de &laquo;&nbsp;Les statuts d&#8217;aGeNUx&nbsp;&raquo;<\/span><\/a><\/p>\n","protected":false},"author":11,"featured_media":0,"parent":37,"menu_order":0,"comment_status":"closed","ping_status":"closed","template":"","meta":{"_s2mail":"yes","footnotes":""},"class_list":["post-77","page","type-page","status-publish","hentry"],"_links":{"self":[{"href":"https:\/\/agenux.org\/index.php?rest_route=\/wp\/v2\/pages\/77","targetHints":{"allow":["GET"]}}],"collection":[{"href":"https:\/\/agenux.org\/index.php?rest_route=\/wp\/v2\/pages"}],"about":[{"href":"https:\/\/agenux.org\/index.php?rest_route=\/wp\/v2\/types\/page"}],"author":[{"embeddable":true,"href":"https:\/\/agenux.org\/index.php?rest_route=\/wp\/v2\/users\/11"}],"replies":[{"embeddable":true,"href":"https:\/\/agenux.org\/index.php?rest_route=%2Fwp%2Fv2%2Fcomments&post=77"}],"version-history":[{"count":0,"href":"https:\/\/agenux.org\/index.php?rest_route=\/wp\/v2\/pages\/77\/revisions"}],"up":[{"embeddable":true,"href":"https:\/\/agenux.org\/index.php?rest_route=\/wp\/v2\/pages\/37"}],"wp:attachment":[{"href":"https:\/\/agenux.org\/index.php?rest_route=%2Fwp%2Fv2%2Fmedia&parent=77"}],"curies":[{"name":"wp","href":"https:\/\/api.w.org\/{rel}","templated":true}]}}